{"id":5241,"date":"2020-12-09T13:48:35","date_gmt":"2020-12-09T12:48:35","guid":{"rendered":"https:\/\/www.kebchi.fr\/?post_type=product&amp;p=5241"},"modified":"2020-12-09T13:48:35","modified_gmt":"2020-12-09T12:48:35","slug":"%f0%9f%92%a6-sadaqa-construction-dun-puit-%f0%9f%92%a6","status":"publish","type":"product","link":"https:\/\/gresi-distribution.kebchi.fr\/?product=%f0%9f%92%a6-sadaqa-construction-dun-puit-%f0%9f%92%a6","title":{"rendered":"\ud83d\udca6 Sadaqa construction d&rsquo;un puits \ud83d\udca6"},"content":{"rendered":"<p style=\"text-align: center;\"><span style=\"color: #000000;\">Au nom d\u2019Allah, le Tout Mis\u00e9ricordieux, le Tr\u00e8s Mis\u00e9ricordieux.<\/span><\/p>\n<div style=\"text-align: center;\"><span style=\"color: #000000;\">\ud83e\udd32 Allah\u00a0\u062a\u0639\u0627\u0644\u0649 a dit\u00a0:<\/span><\/div>\n<div style=\"text-align: center;\"><\/div>\n<div style=\"text-align: center;\"><span style=\"color: #000000;\">\u00ab\u00a0\u00d4 vous qui croyez ! <strong>Faites l\u2019aum\u00f4ne des meilleures choses<\/strong> que vous avez acquises et des r\u00e9coltes que Nous avons fait sortir de terre \u00e0 votre intention.<\/span><\/div>\n<div style=\"text-align: center;\"><span style=\"color: #000000;\"><strong>Ne choisissez pas ce qui est vil pour le donner en aum\u00f4ne<\/strong>. Ne donnez pas ce que vous-m\u00eames n\u2019accepteriez qu\u2019en d\u00e9tournant les yeux et sachez que Dieu se suffit \u00e0 Lui-m\u00eame et qu\u2019Il est digne de louanges.\u00bb<\/span><\/div>\n<div style=\"text-align: center;\"><\/div>\n<div style=\"text-align: center;\"><span style=\"color: #000000;\">Quran V.2 S.267<\/span><\/div>\n<div><\/div>\n<div><\/div>\n<ul>\n<li><span style=\"color: #000000;\">La construction d&rsquo;un puit co\u00fbte 699\u20ac<\/span><\/li>\n<\/ul>\n<ul>\n<li><span style=\"color: #000000;\">Les puits sont creus\u00e9s et for\u00e9s \u00e0 la main dans le Sud de Madagascar<\/span><\/li>\n<\/ul>\n<ul>\n<li><span style=\"color: #000000;\">10 arbres fruitiers sont \u00e9galement plant\u00e9s lors de la construction du puit<\/span><\/li>\n<\/ul>\n<ul>\n<li><span style=\"color: #000000;\">Le puit fait entre 10 et 15 m\u00e8tres<\/span><\/li>\n<\/ul>\n<ul>\n<li><span style=\"color: #000000;\">Le puit est compos\u00e9 de pierre cass\u00e9e et d&rsquo;une buse en b\u00e9ton<\/span><\/li>\n<\/ul>\n<p>&nbsp;<\/p>\n<h4 style=\"text-align: center;\"><span style=\"color: #000000;\">\u2757La construction d&rsquo;un puit donne acc\u00e8s \u00e0 l&rsquo;eau potable \u00e0\u00a0plusieurs centaines de villageois&#8230; Nous avons besoin de vous !<\/span><\/h4>\n","protected":false},"excerpt":{"rendered":"<h4 style=\"text-align: center;\"><span style=\"color: #000000;\">Construction de puits \u00e0 Madagascar<\/span><\/h4>\n<p style=\"text-align: center;\"><span style=\"color: #000000;\">\ud83c\udd98 Madagascar conna\u00eet depuis 3 ans une s\u00e9cheresse accablante ; plusieurs dizaines de villages n&rsquo;ont plus acc\u00e8s \u00e0 l&rsquo;eau potable.<\/span><\/p>\n<p style=\"text-align: center;\"><span style=\"color: #000000;\">\u2757Nos \u00e9quipes sur place t\u00e9moignent d&rsquo;une grave situation d&rsquo;ins\u00e9curit\u00e9 sanitaire, qui touche particuli\u00e8rement les plus petits. Des dizaines d&rsquo;enfants sont morts le mois dernier de faim et de soif.<\/span><\/p>\n<p style=\"text-align: center;\"><span style=\"color: #000000;\">\u261d\ufe0fOn a demand\u00e9 au Messager d\u2019Allah \ufdfa : \u00ab\u00a0Quelle est la meilleure des aum\u00f4nes\u00a0?\u00a0\u00bb Il\ufdfa a r\u00e9pondu\u00a0: \u00ab\u00a0l\u2019eau\u00a0\u00bb. <\/span><span style=\"color: #000000;\">Rapport\u00e9 par Abu Dawud<\/span><\/p>\n<p style=\"text-align: center;\"><span style=\"color: #000000;\"><strong>\ud83d\udc49 Des milliers de personnes sont priv\u00e9es d&rsquo;eau potable \u00e0 Madagascar : Participez \u00e0 la construction d&rsquo;un puit ! Profitez de cette Sadaqa Jariya !<\/strong><\/span><\/p>\n","protected":false},"featured_media":5242,"comment_status":"open","ping_status":"closed","template":"","meta":{"_et_pb_use_builder":"","_et_pb_old_content":"","_et_gb_content_width":""},"product_cat":[19],"product_tag":[],"_links":{"self":[{"href":"https:\/\/gresi-distribution.kebchi.fr\/index.php?rest_route=\/wp\/v2\/product\/5241"}],"collection":[{"href":"https:\/\/gresi-distribution.kebchi.fr\/index.php?rest_route=\/wp\/v2\/product"}],"about":[{"href":"https:\/\/gresi-distribution.kebchi.fr\/index.php?rest_route=\/wp\/v2\/types\/product"}],"replies":[{"embeddable":true,"href":"https:\/\/gresi-distribution.kebchi.fr\/index.php?rest_route=%2Fwp%2Fv2%2Fcomments&post=5241"}],"wp:featuredmedia":[{"embeddable":true,"href":"https:\/\/gresi-distribution.kebchi.fr\/index.php?rest_route=\/wp\/v2\/media\/5242"}],"wp:attachment":[{"href":"https:\/\/gresi-distribution.kebchi.fr\/index.php?rest_route=%2Fwp%2Fv2%2Fmedia&parent=5241"}],"wp:term":[{"taxonomy":"product_cat","embeddable":true,"href":"https:\/\/gresi-distribution.kebchi.fr\/index.php?rest_route=%2Fwp%2Fv2%2Fproduct_cat&post=5241"},{"taxonomy":"product_tag","embeddable":true,"href":"https:\/\/gresi-distribution.kebchi.fr\/index.php?rest_route=%2Fwp%2Fv2%2Fproduct_tag&post=5241"}],"curies":[{"name":"wp","href":"https:\/\/api.w.org\/{rel}","templated":true}]}}