{"id":1755,"date":"2020-06-17T22:41:06","date_gmt":"2020-06-17T20:41:06","guid":{"rendered":"http:\/\/kebchi.com\/?post_type=product&amp;p=1755"},"modified":"2021-06-29T21:01:23","modified_gmt":"2021-06-29T19:01:23","slug":"mouton-naissance-garcon-aqiqa","status":"publish","type":"product","link":"https:\/\/gresi-distribution.kebchi.fr\/?product=mouton-naissance-garcon-aqiqa","title":{"rendered":"\ud83d\udc76  Moutons naissance gar\u00e7on (Aqiqa 2 moutons)"},"content":{"rendered":"<p style=\"text-align: left;\"><span style=\"color: #333333;\">\ud83e\udd29 Laissez Kebchi g\u00e9rer pour vous la naissance de votre gar\u00e7on en sacrifiant un mouton comme le requiert la tradition proph\u00e9tique!<\/span><\/p>\n<p style=\"text-align: left;\"><span style=\"color: #333333;\">\ud83d\udcf7 <span style=\"color: #000000;\">Kebchi vous envoie des photos de <strong>VOTRE<\/strong> mouton avec le pr\u00e9nom de votre b\u00e9b\u00e9, ainsi qu&rsquo;un certificat de sacrifice nominatif<\/span>\u00a0<\/span><\/p>\n<p style=\"text-align: left;\"><span style=\"color: #333333;\">\ud83d\udc49 La aq\u00eeqa est un acte de pi\u00e9t\u00e9 en faveur du nouveau n\u00e9 .\u00a0Ce dernier profite grandement de cet acte , comme il profite de la pri\u00e8re faite en sa faveur, de sa pr\u00e9sence dans les lieux des rites et de la sacralisation faite pour lui, etc..<\/span><\/p>\n<p style=\"text-align: left;\"><span style=\"color: #333333;\">\ud83e\udd32 En outre, la aq\u00eeqa le lib\u00e8re parce qu\u2019il est assujetti \u00e0 ce sacrifice.<\/span><br \/>\n<span style=\"color: #333333;\">L\u2019imam Ahmad a dit que sans cela, il ne sera pas autoris\u00e9 \u00e0 interc\u00e9der en faveur de ses parents. At\u00e2 ibn Abi Rabah a dit aussi qu\u2019il sera priv\u00e9 de l\u2019intercession de son enfant.<\/span><br \/>\n<span style=\"color: #333333;\">De m\u00eame, il constitue une ran\u00e7on par laquelle on rach\u00e8te le nouveau-n\u00e9 comme Allah racheta Isma\u00efl par le b\u00e9lier.<\/span><\/p>\n<p style=\"text-align: left;\"><span style=\"color: #333333;\">\u261d\ufe0f Il n\u2019est pas exclu dans la Sagesse d\u2019Allah, dans Sa L\u00e9gislation et Sa pr\u00e9destination, que cette pratique soit une cause de sa bonne croissance, de la p\u00e9rennit\u00e9 de sa sant\u00e9 et de sa long\u00e9vit\u00e9 en le prot\u00e9geant contre le mal du d\u00e9mon, de sorte que chaque organe de la b\u00eate constitue une ran\u00e7on pour l\u2019organe \u00e9quivalent du nouveau-n\u00e9.<\/span><br \/>\n<span style=\"color: #333333;\">C\u2019est pour cette raison qu\u2019il est conseill\u00e9 de dire la m\u00eame formule que celle r\u00e9cit\u00e9e sur la b\u00eate sacrifi\u00e9e le jour de l\u2019A\u00efd .<\/span><\/p>\n<hr \/>\n<p style=\"text-align: left;\">\n","protected":false},"excerpt":{"rendered":"<p style=\"text-align: left;\"><span style=\"font-weight: 400; color: #000000;\">\u2b50 Vous attendez une naissance et vous ne savez pas comment faire pour sacrifier votre mouton ? Pas de panique, Kebchi est LA solution \u00e0 <strong><a style=\"color: #000000;\" href=\"https:\/\/kebchi.fr\/le-concept-de-faire-de-sa-aqiqa-un-don\/\">votre aqiqa<\/a> <\/strong>!<\/span><\/p>\n<p style=\"text-align: left;\"><span style=\"font-weight: 400; color: #000000;\">\ud83e\uddf8 Nous r\u00e9alisons votre sacrifice dans des pays d\u00e9favoris\u00e9s et distribuons la viande aux n\u00e9cessiteux.<\/span><\/p>\n<p style=\"text-align: left;\"><span style=\"font-weight: 400; color: #000000;\">\ud83e\udd32 Ainsi, en une op\u00e9ration vous r\u00e9alisez deux bonnes actions, vous faites vivre une Sounnah et accomplissez une aum\u00f4ne en m\u00eame temps !<\/span><\/p>\n","protected":false},"featured_media":6510,"comment_status":"open","ping_status":"closed","template":"","meta":{"_et_pb_use_builder":"","_et_pb_old_content":"","_et_gb_content_width":""},"product_cat":[19],"product_tag":[],"_links":{"self":[{"href":"https:\/\/gresi-distribution.kebchi.fr\/index.php?rest_route=\/wp\/v2\/product\/1755"}],"collection":[{"href":"https:\/\/gresi-distribution.kebchi.fr\/index.php?rest_route=\/wp\/v2\/product"}],"about":[{"href":"https:\/\/gresi-distribution.kebchi.fr\/index.php?rest_route=\/wp\/v2\/types\/product"}],"replies":[{"embeddable":true,"href":"https:\/\/gresi-distribution.kebchi.fr\/index.php?rest_route=%2Fwp%2Fv2%2Fcomments&post=1755"}],"wp:featuredmedia":[{"embeddable":true,"href":"https:\/\/gresi-distribution.kebchi.fr\/index.php?rest_route=\/wp\/v2\/media\/6510"}],"wp:attachment":[{"href":"https:\/\/gresi-distribution.kebchi.fr\/index.php?rest_route=%2Fwp%2Fv2%2Fmedia&parent=1755"}],"wp:term":[{"taxonomy":"product_cat","embeddable":true,"href":"https:\/\/gresi-distribution.kebchi.fr\/index.php?rest_route=%2Fwp%2Fv2%2Fproduct_cat&post=1755"},{"taxonomy":"product_tag","embeddable":true,"href":"https:\/\/gresi-distribution.kebchi.fr\/index.php?rest_route=%2Fwp%2Fv2%2Fproduct_tag&post=1755"}],"curies":[{"name":"wp","href":"https:\/\/api.w.org\/{rel}","templated":true}]}}